{"id":99,"date":"2020-01-24T15:22:57","date_gmt":"2020-01-24T15:22:57","guid":{"rendered":"https:\/\/www.ilona-wird-adam.ch\/?page_id=99"},"modified":"2020-01-31T23:56:48","modified_gmt":"2020-01-31T23:56:48","slug":"unss","status":"publish","type":"page","link":"https:\/\/www.ilona-wird-adam.ch\/?page_id=99","title":{"rendered":"Der Antrag"},"content":{"rendered":"\n<p>W\u00e4hrend der 6-w\u00f6chigen S\u00fcdafrika Reise hegte Patrick den Plan, Ilona zu Fragen, ob sie die restlichen Jahre mit ihm verbringen m\u00f6chte. <\/p>\n\n\n\n<p>Davon wussten nur sehr wenige Bescheid&#8230; zum Beispiel Sandra, Michi und Andy. <\/p>\n\n\n\n<p>Als Ilona, Patrick und Jasmin (Patricks Schwester) nach einem Weintasting in Stellenbosch das Gef\u00fchl hatten, sie haben noch nicht genug getrunken, gingen Sie weiter in den Ausgang. Nach einem Gintasting und ein paar Caipirinhas wollte Patrick den Antrag doch tats\u00e4chlich in einer vermeintlichen Schwulenbar (Ilonas und Jasmins Gedanke) machen. Der DJ hat ihm aber davon abgeraten. <\/p>\n\n\n\n<p>Als die Reise am n\u00e4chsten Tag nach Kapstadt weiterging hatte Patrick das Ziel quasi schon vor Augen&#8230; Der Lionshead. <\/p>\n\n\n\n<p>Jasmin wurde von Patrick angewiesen Ilona abzulenken, damit er den Verlobungsring kaufen kann. Der Plan ging auf, bis er sich beinahe verraten hatte. Die Weinflasche welche er vom Juwelier bekam, wanderte nicht ganz unauff\u00e4llig in den Rucksack von Jasmin. <\/p>\n\n\n\n<p>Das Wetter spielte nicht wirklich mit und Patrick wurde ungeduldig und wirkte leicht genervt. Da die Option Lionshead nicht mehr aktuell war, wurde schnell ein Plan B in betracht gezogen und die drei fuhren auf den Signal Hill. <\/p>\n\n\n\n<p>Jasmin war im vergleich zu Ilona auf einer mehrt\u00e4gigen Wanderung. Als wir unseren Platz gefunden hatten und den Sonnenuntergang beobachteten  musste Jasmin eigentlich ein Video drehen welches den Antrag beinhaltete&#8230; jedoch wusste sie nicht wie das auf dem Handy von Patrick ging und fragte doch tats\u00e4chlich den bereits sehr sehr nerv\u00f6sen Patrick wie das nun mit dem Video gehe. <\/p>\n\n\n\n<p>Zum Gl\u00fcck war Ilona vertr\u00e4umter als Jasmin und fragte sich lediglich warum man einen Sonnenuntergang filmen m\u00fcsse. <\/p>\n\n\n\n<p>Als Ilona eine Zigarette rauchen wollte und Patrick Nein sagte.. wusste sie schnell um was es ging. <\/p>\n\n\n\n<p>Auf die Frage ob &#8222;Du Ilona den Rest deines Lebens mit mir verbringen m\u00f6chtest&#8220;, antwortete sie als erstes Schatz der Ring ist zu klein.  Ein Ja kam danach von Ilonas Lippen. <\/p>\n\n\n\n<p>Das Missgeschick wurde aber am n\u00e4chsten Tag bereinigt und nun passt der Ring perfekt. <\/p>\n\n\n\n<figure class=\"wp-container-2 wp-block-gallery-1 wp-block-gallery columns-3 is-cropped\"><ul class=\"blocks-gallery-grid\"><li class=\"blocks-gallery-item\"><figure><img loading=\"lazy\" width=\"1024\" height=\"768\" src=\"https:\/\/www.ilona-wird-adam.ch\/wp-content\/uploads\/2020\/01\/IMG_20180810_133552-1024x768.jpg\" alt=\"\" data-id=\"150\" data-link=\"https:\/\/www.ilona-wird-adam.ch\/?attachment_id=150\" class=\"wp-image-150\" srcset=\"https:\/\/www.ilona-wird-adam.ch\/wp-content\/uploads\/2020\/01\/IMG_20180810_133552-1024x768.jpg 1024w, https:\/\/www.ilona-wird-adam.ch\/wp-content\/uploads\/2020\/01\/IMG_20180810_133552-300x225.jpg 300w, https:\/\/www.ilona-wird-adam.ch\/wp-content\/uploads\/2020\/01\/IMG_20180810_133552-768x576.jpg 768w, https:\/\/www.ilona-wird-adam.ch\/wp-content\/uploads\/2020\/01\/IMG_20180810_133552-1536x1152.jpg 1536w, https:\/\/www.ilona-wird-adam.ch\/wp-content\/uploads\/2020\/01\/IMG_20180810_133552-2048x1536.jpg 2048w\" sizes=\"(max-width: 1024px) 100vw, 1024px\" \/><\/figure><\/li><li class=\"blocks-gallery-item\"><figure><img loading=\"lazy\" width=\"1024\" height=\"768\" src=\"https:\/\/www.ilona-wird-adam.ch\/wp-content\/uploads\/2020\/01\/IMG_20180810_201452-1024x768.jpg\" alt=\"\" data-id=\"149\" data-link=\"https:\/\/www.ilona-wird-adam.ch\/?attachment_id=149\" class=\"wp-image-149\" srcset=\"https:\/\/www.ilona-wird-adam.ch\/wp-content\/uploads\/2020\/01\/IMG_20180810_201452-1024x768.jpg 1024w, https:\/\/www.ilona-wird-adam.ch\/wp-content\/uploads\/2020\/01\/IMG_20180810_201452-300x225.jpg 300w, https:\/\/www.ilona-wird-adam.ch\/wp-content\/uploads\/2020\/01\/IMG_20180810_201452-768x576.jpg 768w, https:\/\/www.ilona-wird-adam.ch\/wp-content\/uploads\/2020\/01\/IMG_20180810_201452-1536x1152.jpg 1536w, https:\/\/www.ilona-wird-adam.ch\/wp-content\/uploads\/2020\/01\/IMG_20180810_201452-2048x1536.jpg 2048w\" sizes=\"(max-width: 1024px) 100vw, 1024px\" \/><\/figure><\/li><li class=\"blocks-gallery-item\"><figure><img loading=\"lazy\" width=\"768\" height=\"1024\" src=\"https:\/\/www.ilona-wird-adam.ch\/wp-content\/uploads\/2020\/01\/IMG_20180814_170745-768x1024.jpg\" alt=\"\" data-id=\"147\" class=\"wp-image-147\" srcset=\"https:\/\/www.ilona-wird-adam.ch\/wp-content\/uploads\/2020\/01\/IMG_20180814_170745-768x1024.jpg 768w, https:\/\/www.ilona-wird-adam.ch\/wp-content\/uploads\/2020\/01\/IMG_20180814_170745-225x300.jpg 225w, https:\/\/www.ilona-wird-adam.ch\/wp-content\/uploads\/2020\/01\/IMG_20180814_170745-1152x1536.jpg 1152w, https:\/\/www.ilona-wird-adam.ch\/wp-content\/uploads\/2020\/01\/IMG_20180814_170745-1536x2048.jpg 1536w, https:\/\/www.ilona-wird-adam.ch\/wp-content\/uploads\/2020\/01\/IMG_20180814_170745-scaled.jpg 1920w\" sizes=\"(max-width: 768px) 100vw, 768px\" \/><\/figure><\/li><li class=\"blocks-gallery-item\"><figure><img loading=\"lazy\" width=\"768\" height=\"1024\" src=\"https:\/\/www.ilona-wird-adam.ch\/wp-content\/uploads\/2020\/01\/IMG_20180814_174844-1-768x1024.jpg\" alt=\"\" data-id=\"152\" data-link=\"https:\/\/www.ilona-wird-adam.ch\/?attachment_id=152\" class=\"wp-image-152\" srcset=\"https:\/\/www.ilona-wird-adam.ch\/wp-content\/uploads\/2020\/01\/IMG_20180814_174844-1-768x1024.jpg 768w, https:\/\/www.ilona-wird-adam.ch\/wp-content\/uploads\/2020\/01\/IMG_20180814_174844-1-225x300.jpg 225w, https:\/\/www.ilona-wird-adam.ch\/wp-content\/uploads\/2020\/01\/IMG_20180814_174844-1-1152x1536.jpg 1152w, https:\/\/www.ilona-wird-adam.ch\/wp-content\/uploads\/2020\/01\/IMG_20180814_174844-1-1536x2048.jpg 1536w, https:\/\/www.ilona-wird-adam.ch\/wp-content\/uploads\/2020\/01\/IMG_20180814_174844-1-scaled.jpg 1920w\" sizes=\"(max-width: 768px) 100vw, 768px\" \/><\/figure><\/li><li class=\"blocks-gallery-item\"><figure><img loading=\"lazy\" width=\"1024\" height=\"768\" src=\"https:\/\/www.ilona-wird-adam.ch\/wp-content\/uploads\/2020\/01\/Antrag-1024x768.jpeg\" alt=\"\" data-id=\"170\" data-full-url=\"https:\/\/www.ilona-wird-adam.ch\/wp-content\/uploads\/2020\/01\/Antrag.jpeg\" data-link=\"https:\/\/www.ilona-wird-adam.ch\/?attachment_id=170\" class=\"wp-image-170\" srcset=\"https:\/\/www.ilona-wird-adam.ch\/wp-content\/uploads\/2020\/01\/Antrag-1024x768.jpeg 1024w, https:\/\/www.ilona-wird-adam.ch\/wp-content\/uploads\/2020\/01\/Antrag-300x225.jpeg 300w, https:\/\/www.ilona-wird-adam.ch\/wp-content\/uploads\/2020\/01\/Antrag-768x576.jpeg 768w, https:\/\/www.ilona-wird-adam.ch\/wp-content\/uploads\/2020\/01\/Antrag-1536x1152.jpeg 1536w, https:\/\/www.ilona-wird-adam.ch\/wp-content\/uploads\/2020\/01\/Antrag.jpeg 1600w\" sizes=\"(max-width: 1024px) 100vw, 1024px\" \/><\/figure><\/li><li class=\"blocks-gallery-item\"><figure><img loading=\"lazy\" width=\"768\" height=\"1024\" src=\"https:\/\/www.ilona-wird-adam.ch\/wp-content\/uploads\/2020\/01\/IMG_20180816_170201-768x1024.jpg\" alt=\"\" data-id=\"151\" data-link=\"https:\/\/www.ilona-wird-adam.ch\/?attachment_id=151\" class=\"wp-image-151\" srcset=\"https:\/\/www.ilona-wird-adam.ch\/wp-content\/uploads\/2020\/01\/IMG_20180816_170201-768x1024.jpg 768w, https:\/\/www.ilona-wird-adam.ch\/wp-content\/uploads\/2020\/01\/IMG_20180816_170201-225x300.jpg 225w, https:\/\/www.ilona-wird-adam.ch\/wp-content\/uploads\/2020\/01\/IMG_20180816_170201-1152x1536.jpg 1152w, https:\/\/www.ilona-wird-adam.ch\/wp-content\/uploads\/2020\/01\/IMG_20180816_170201-1536x2048.jpg 1536w, https:\/\/www.ilona-wird-adam.ch\/wp-content\/uploads\/2020\/01\/IMG_20180816_170201-scaled.jpg 1920w\" sizes=\"(max-width: 768px) 100vw, 768px\" \/><\/figure><\/li><\/ul><\/figure>\n","protected":false},"excerpt":{"rendered":"<p>W\u00e4hrend der 6-w\u00f6chigen S\u00fcdafrika Reise hegte Patrick den Plan, Ilona zu Fragen, ob sie die restlichen Jahre mit ihm verbringen m\u00f6chte. Davon wussten nur sehr wenige Bescheid&#8230; zum Beispiel Sandra, [&hellip;]<\/p>\n","protected":false},"author":1,"featured_media":0,"parent":0,"menu_order":0,"comment_status":"closed","ping_status":"closed","template":"","meta":[],"_links":{"self":[{"href":"https:\/\/www.ilona-wird-adam.ch\/index.php?rest_route=\/wp\/v2\/pages\/99"}],"collection":[{"href":"https:\/\/www.ilona-wird-adam.ch\/index.php?rest_route=\/wp\/v2\/pages"}],"about":[{"href":"https:\/\/www.ilona-wird-adam.ch\/index.php?rest_route=\/wp\/v2\/types\/page"}],"author":[{"embeddable":true,"href":"https:\/\/www.ilona-wird-adam.ch\/index.php?rest_route=\/wp\/v2\/users\/1"}],"replies":[{"embeddable":true,"href":"https:\/\/www.ilona-wird-adam.ch\/index.php?rest_route=%2Fwp%2Fv2%2Fcomments&post=99"}],"version-history":[{"count":7,"href":"https:\/\/www.ilona-wird-adam.ch\/index.php?rest_route=\/wp\/v2\/pages\/99\/revisions"}],"predecessor-version":[{"id":378,"href":"https:\/\/www.ilona-wird-adam.ch\/index.php?rest_route=\/wp\/v2\/pages\/99\/revisions\/378"}],"wp:attachment":[{"href":"https:\/\/www.ilona-wird-adam.ch\/index.php?rest_route=%2Fwp%2Fv2%2Fmedia&parent=99"}],"curies":[{"name":"wp","href":"https:\/\/api.w.org\/{rel}","templated":true}]}}