{"id":93,"date":"2020-01-24T15:16:46","date_gmt":"2020-01-24T15:16:46","guid":{"rendered":"https:\/\/www.ilona-wird-adam.ch\/?page_id=93"},"modified":"2020-03-01T07:15:50","modified_gmt":"2020-03-01T07:15:50","slug":"ilona-kaufmann","status":"publish","type":"page","link":"https:\/\/www.ilona-wird-adam.ch\/?page_id=93","title":{"rendered":"Ilona Kaufmann"},"content":{"rendered":"\n<p>Als ich dich das Erste mal sah warst du mir direkt sympatisch&#8230; nett, aufgestellt und du weisst was du willst, dies waren nur wenige Charakterz\u00fcge von dir welche ich gleich erkannte und \u00fcber die letzten drei Jahre sehr sch\u00e4tzen gelernt habe.<\/p>\n\n\n\n<p>Deine F\u00fcrsorgliche, Loyale und direkte Art sch\u00e4tze ich besonders.  Auch deine Zielstrebigkeit im Beruf ist beeindruckend&#8230; Einfach gesagt eine Power Frau. <\/p>\n\n\n\n<p>Ich kann mir schlicht keinen besseren Start in den Tag vorstellen, als neben dir aufzuwachen. Neben dir einzuschlafen ist aufgrund unserer Arbeitszeiten eher selten der Fall aber falls doch ist es der perfekte Abschluss eines Tages. <\/p>\n\n\n\n<p>Dein Ja in Kapstadt hat mich in diesem Moment zur gl\u00fccklichsten Person der Welt gemacht. Das Gef\u00fchl h\u00e4lt seit dem an und wird jedesmal wenn ich dich sehe best\u00e4tigt.  <\/p>\n\n\n\n<p>Ich liebe dich \ud83d\ude42<\/p>\n\n\n\n<figure class=\"wp-container-2 wp-block-gallery-1 wp-block-gallery columns-3 is-cropped\"><ul class=\"blocks-gallery-grid\"><li class=\"blocks-gallery-item\"><figure><img loading=\"lazy\" width=\"768\" height=\"1024\" src=\"https:\/\/www.ilona-wird-adam.ch\/wp-content\/uploads\/2020\/01\/IMG_20180816_113752-768x1024.jpg\" alt=\"\" data-id=\"361\" class=\"wp-image-361\" srcset=\"https:\/\/www.ilona-wird-adam.ch\/wp-content\/uploads\/2020\/01\/IMG_20180816_113752-768x1024.jpg 768w, https:\/\/www.ilona-wird-adam.ch\/wp-content\/uploads\/2020\/01\/IMG_20180816_113752-225x300.jpg 225w, https:\/\/www.ilona-wird-adam.ch\/wp-content\/uploads\/2020\/01\/IMG_20180816_113752-1152x1536.jpg 1152w, https:\/\/www.ilona-wird-adam.ch\/wp-content\/uploads\/2020\/01\/IMG_20180816_113752-1536x2048.jpg 1536w, https:\/\/www.ilona-wird-adam.ch\/wp-content\/uploads\/2020\/01\/IMG_20180816_113752-scaled.jpg 1920w\" sizes=\"(max-width: 768px) 100vw, 768px\" \/><\/figure><\/li><li class=\"blocks-gallery-item\"><figure><img loading=\"lazy\" width=\"768\" height=\"1024\" src=\"https:\/\/www.ilona-wird-adam.ch\/wp-content\/uploads\/2020\/03\/20180102_120335-1-768x1024.jpg\" alt=\"\" data-id=\"435\" data-link=\"https:\/\/www.ilona-wird-adam.ch\/?attachment_id=435\" class=\"wp-image-435\" srcset=\"https:\/\/www.ilona-wird-adam.ch\/wp-content\/uploads\/2020\/03\/20180102_120335-1-768x1024.jpg 768w, https:\/\/www.ilona-wird-adam.ch\/wp-content\/uploads\/2020\/03\/20180102_120335-1-225x300.jpg 225w, https:\/\/www.ilona-wird-adam.ch\/wp-content\/uploads\/2020\/03\/20180102_120335-1-1152x1536.jpg 1152w, https:\/\/www.ilona-wird-adam.ch\/wp-content\/uploads\/2020\/03\/20180102_120335-1-1536x2048.jpg 1536w, https:\/\/www.ilona-wird-adam.ch\/wp-content\/uploads\/2020\/03\/20180102_120335-1-scaled.jpg 1920w\" sizes=\"(max-width: 768px) 100vw, 768px\" \/><\/figure><\/li><li class=\"blocks-gallery-item\"><figure><img loading=\"lazy\" width=\"1024\" height=\"683\" src=\"https:\/\/www.ilona-wird-adam.ch\/wp-content\/uploads\/2020\/03\/IMG_2643b-1024x683.jpg\" alt=\"\" data-id=\"437\" data-full-url=\"https:\/\/www.ilona-wird-adam.ch\/wp-content\/uploads\/2020\/03\/IMG_2643b-scaled.jpg\" data-link=\"https:\/\/www.ilona-wird-adam.ch\/?attachment_id=437\" class=\"wp-image-437\" srcset=\"https:\/\/www.ilona-wird-adam.ch\/wp-content\/uploads\/2020\/03\/IMG_2643b-1024x683.jpg 1024w, https:\/\/www.ilona-wird-adam.ch\/wp-content\/uploads\/2020\/03\/IMG_2643b-300x200.jpg 300w, https:\/\/www.ilona-wird-adam.ch\/wp-content\/uploads\/2020\/03\/IMG_2643b-768x512.jpg 768w, https:\/\/www.ilona-wird-adam.ch\/wp-content\/uploads\/2020\/03\/IMG_2643b-1536x1024.jpg 1536w, https:\/\/www.ilona-wird-adam.ch\/wp-content\/uploads\/2020\/03\/IMG_2643b-2048x1365.jpg 2048w, https:\/\/www.ilona-wird-adam.ch\/wp-content\/uploads\/2020\/03\/IMG_2643b-480x320.jpg 480w\" sizes=\"(max-width: 1024px) 100vw, 1024px\" \/><\/figure><\/li><\/ul><\/figure>\n","protected":false},"excerpt":{"rendered":"<p>Als ich dich das Erste mal sah warst du mir direkt sympatisch&#8230; nett, aufgestellt und du weisst was du willst, dies waren nur wenige Charakterz\u00fcge von dir welche ich gleich [&hellip;]<\/p>\n","protected":false},"author":1,"featured_media":410,"parent":0,"menu_order":0,"comment_status":"closed","ping_status":"closed","template":"","meta":[],"_links":{"self":[{"href":"https:\/\/www.ilona-wird-adam.ch\/index.php?rest_route=\/wp\/v2\/pages\/93"}],"collection":[{"href":"https:\/\/www.ilona-wird-adam.ch\/index.php?rest_route=\/wp\/v2\/pages"}],"about":[{"href":"https:\/\/www.ilona-wird-adam.ch\/index.php?rest_route=\/wp\/v2\/types\/page"}],"author":[{"embeddable":true,"href":"https:\/\/www.ilona-wird-adam.ch\/index.php?rest_route=\/wp\/v2\/users\/1"}],"replies":[{"embeddable":true,"href":"https:\/\/www.ilona-wird-adam.ch\/index.php?rest_route=%2Fwp%2Fv2%2Fcomments&post=93"}],"version-history":[{"count":7,"href":"https:\/\/www.ilona-wird-adam.ch\/index.php?rest_route=\/wp\/v2\/pages\/93\/revisions"}],"predecessor-version":[{"id":438,"href":"https:\/\/www.ilona-wird-adam.ch\/index.php?rest_route=\/wp\/v2\/pages\/93\/revisions\/438"}],"wp:featuredmedia":[{"embeddable":true,"href":"https:\/\/www.ilona-wird-adam.ch\/index.php?rest_route=\/wp\/v2\/media\/410"}],"wp:attachment":[{"href":"https:\/\/www.ilona-wird-adam.ch\/index.php?rest_route=%2Fwp%2Fv2%2Fmedia&parent=93"}],"curies":[{"name":"wp","href":"https:\/\/api.w.org\/{rel}","templated":true}]}}