{"id":84,"date":"2020-01-24T15:04:08","date_gmt":"2020-01-24T15:04:08","guid":{"rendered":"https:\/\/www.ilona-wird-adam.ch\/?page_id=84"},"modified":"2020-02-27T21:06:31","modified_gmt":"2020-02-27T21:06:31","slug":"patrick-adam","status":"publish","type":"page","link":"https:\/\/www.ilona-wird-adam.ch\/?page_id=84","title":{"rendered":"Patrick Adam"},"content":{"rendered":"<p>Patrick war sehr mutig als ich ihn kennengelernt habe, er hat mich zuerst angesprochen. So mutig empfinde ich ihn noch bis heute, da er von Hergiswil in das Z\u00fcri Oberland gezogen ist f\u00fcr mich. Seine bodenst\u00e4ndige, freundliche Art hat mich begeistert. Nicht zu vergessen ist sein Humor und sein Lachen. In den Jahren seit wir zusammen sind, habe ich bemerkt, dass er mir den R\u00fccken st\u00e4rkt und immer hinter mir steht. Ich geniesse unsere Gespr\u00e4che auch wenn wir nicht immer der gleichen Meinung sind. Eine andere St\u00e4rke von Patrick ist, dass er mir die Freiheiten l\u00e4sst und mich immer in meinen Pl\u00e4nen unterst\u00fctzt.&nbsp;<\/p>\n<p>Danke f\u00fcr diese Zeit und noch auf viele weitere Jahre. Lieb dich<\/p>\n<p><!--EndFragment--><\/p>\n\n\n<figure class=\"wp-container-2 wp-block-gallery-1 wp-block-gallery columns-3 is-cropped\"><ul class=\"blocks-gallery-grid\"><li class=\"blocks-gallery-item\"><figure><img loading=\"lazy\" width=\"678\" height=\"1024\" src=\"https:\/\/www.ilona-wird-adam.ch\/wp-content\/uploads\/2020\/01\/DSC_0374-678x1024.jpg\" alt=\"\" data-id=\"268\" data-link=\"https:\/\/www.ilona-wird-adam.ch\/?attachment_id=268\" class=\"wp-image-268\" srcset=\"https:\/\/www.ilona-wird-adam.ch\/wp-content\/uploads\/2020\/01\/DSC_0374-678x1024.jpg 678w, https:\/\/www.ilona-wird-adam.ch\/wp-content\/uploads\/2020\/01\/DSC_0374-199x300.jpg 199w, https:\/\/www.ilona-wird-adam.ch\/wp-content\/uploads\/2020\/01\/DSC_0374-768x1160.jpg 768w, https:\/\/www.ilona-wird-adam.ch\/wp-content\/uploads\/2020\/01\/DSC_0374-1017x1536.jpg 1017w, https:\/\/www.ilona-wird-adam.ch\/wp-content\/uploads\/2020\/01\/DSC_0374-1356x2048.jpg 1356w, https:\/\/www.ilona-wird-adam.ch\/wp-content\/uploads\/2020\/01\/DSC_0374-scaled.jpg 1696w\" sizes=\"(max-width: 678px) 100vw, 678px\" \/><\/figure><\/li><li class=\"blocks-gallery-item\"><figure><img loading=\"lazy\" width=\"768\" height=\"1024\" src=\"https:\/\/www.ilona-wird-adam.ch\/wp-content\/uploads\/2020\/01\/IMG_20180723_102828-768x1024.jpg\" alt=\"\" data-id=\"270\" data-full-url=\"https:\/\/www.ilona-wird-adam.ch\/wp-content\/uploads\/2020\/01\/IMG_20180723_102828-scaled.jpg\" data-link=\"https:\/\/www.ilona-wird-adam.ch\/?attachment_id=270\" class=\"wp-image-270\" srcset=\"https:\/\/www.ilona-wird-adam.ch\/wp-content\/uploads\/2020\/01\/IMG_20180723_102828-768x1024.jpg 768w, https:\/\/www.ilona-wird-adam.ch\/wp-content\/uploads\/2020\/01\/IMG_20180723_102828-225x300.jpg 225w, https:\/\/www.ilona-wird-adam.ch\/wp-content\/uploads\/2020\/01\/IMG_20180723_102828-1152x1536.jpg 1152w, https:\/\/www.ilona-wird-adam.ch\/wp-content\/uploads\/2020\/01\/IMG_20180723_102828-1536x2048.jpg 1536w, https:\/\/www.ilona-wird-adam.ch\/wp-content\/uploads\/2020\/01\/IMG_20180723_102828-scaled.jpg 1920w\" sizes=\"(max-width: 768px) 100vw, 768px\" \/><\/figure><\/li><li class=\"blocks-gallery-item\"><figure><img loading=\"lazy\" width=\"768\" height=\"1024\" src=\"https:\/\/www.ilona-wird-adam.ch\/wp-content\/uploads\/2020\/01\/IMG_20180725_191947-768x1024.jpg\" alt=\"\" data-id=\"269\" data-link=\"https:\/\/www.ilona-wird-adam.ch\/?attachment_id=269\" class=\"wp-image-269\" srcset=\"https:\/\/www.ilona-wird-adam.ch\/wp-content\/uploads\/2020\/01\/IMG_20180725_191947-768x1024.jpg 768w, https:\/\/www.ilona-wird-adam.ch\/wp-content\/uploads\/2020\/01\/IMG_20180725_191947-225x300.jpg 225w, https:\/\/www.ilona-wird-adam.ch\/wp-content\/uploads\/2020\/01\/IMG_20180725_191947-1152x1536.jpg 1152w, https:\/\/www.ilona-wird-adam.ch\/wp-content\/uploads\/2020\/01\/IMG_20180725_191947-1536x2048.jpg 1536w, https:\/\/www.ilona-wird-adam.ch\/wp-content\/uploads\/2020\/01\/IMG_20180725_191947-scaled.jpg 1920w\" sizes=\"(max-width: 768px) 100vw, 768px\" \/><\/figure><\/li><\/ul><\/figure>\n","protected":false},"excerpt":{"rendered":"<p>Patrick war sehr mutig als ich ihn kennengelernt habe, er hat mich zuerst angesprochen. So mutig empfinde ich ihn noch bis heute, da er von Hergiswil in das Z\u00fcri Oberland [&hellip;]<\/p>\n","protected":false},"author":1,"featured_media":368,"parent":0,"menu_order":0,"comment_status":"closed","ping_status":"closed","template":"","meta":[],"_links":{"self":[{"href":"https:\/\/www.ilona-wird-adam.ch\/index.php?rest_route=\/wp\/v2\/pages\/84"}],"collection":[{"href":"https:\/\/www.ilona-wird-adam.ch\/index.php?rest_route=\/wp\/v2\/pages"}],"about":[{"href":"https:\/\/www.ilona-wird-adam.ch\/index.php?rest_route=\/wp\/v2\/types\/page"}],"author":[{"embeddable":true,"href":"https:\/\/www.ilona-wird-adam.ch\/index.php?rest_route=\/wp\/v2\/users\/1"}],"replies":[{"embeddable":true,"href":"https:\/\/www.ilona-wird-adam.ch\/index.php?rest_route=%2Fwp%2Fv2%2Fcomments&post=84"}],"version-history":[{"count":8,"href":"https:\/\/www.ilona-wird-adam.ch\/index.php?rest_route=\/wp\/v2\/pages\/84\/revisions"}],"predecessor-version":[{"id":399,"href":"https:\/\/www.ilona-wird-adam.ch\/index.php?rest_route=\/wp\/v2\/pages\/84\/revisions\/399"}],"wp:featuredmedia":[{"embeddable":true,"href":"https:\/\/www.ilona-wird-adam.ch\/index.php?rest_route=\/wp\/v2\/media\/368"}],"wp:attachment":[{"href":"https:\/\/www.ilona-wird-adam.ch\/index.php?rest_route=%2Fwp%2Fv2%2Fmedia&parent=84"}],"curies":[{"name":"wp","href":"https:\/\/api.w.org\/{rel}","templated":true}]}}