{"id":28,"date":"2020-01-24T14:45:56","date_gmt":"2020-01-24T14:45:56","guid":{"rendered":"https:\/\/www.ilona-wird-adam.ch\/?page_id=28"},"modified":"2020-08-13T06:07:02","modified_gmt":"2020-08-13T06:07:02","slug":"invited-guests","status":"publish","type":"page","link":"https:\/\/www.ilona-wird-adam.ch\/?page_id=28","title":{"rendered":"Geladene G\u00e4ste"},"content":{"rendered":"\n<h4>Was erwartet mich<\/h4>\n\n\n\n<p>Liebe Familie \/ Liebe Freunde<\/p>\n\n\n\n<p>Wir freuen uns sehr euch an unserem grossen Tag als G\u00e4ste dabei haben zu d\u00fcrfen. <\/p>\n\n\n\n<p>Bitte findet euch am 29.08.20, um 11:45 Uhr in der Location (Frauwisstrasse 9\/11 in 8493 Saland)  ein. Um 12 Uhr f\u00e4hrt euch ein Bus der Firma Kessler Carreisen zum Hasenstrick wo anschliessend die Zeremonie stattfindet. <\/p>\n\n\n\n<p>Personen welche Privat anreisen gilt 13:00 Uhr als Treffpunkt im Hasenstrick. Die Adresse lautet: H\u00f6henstrasse 15 in 8635 D\u00fcrnten. Bitte beachtet dass die Zufahrt von Wald nicht m\u00f6glich ist.  Benutzt bitte die Zufahrt von Hinwil oder D\u00fcrnten. <\/p>\n\n\n\n<p><\/p>\n\n\n\n<p>Die Zeremonie startet um 13:30 Uhr. Gleich im Anschluss werdet Ihr mit den ersten Getr\u00e4nken verk\u00f6stigt, damit Ihr w\u00e4hrend den Foto pausen nicht verdurstet \ud83d\ude42<\/p>\n\n\n\n<p>Um 16 Uhr werden Ihr mit dem gleichen Car Location fahren. F\u00fcr alle welche gerne selber fahren, haben wir weiter unten einen Google-Maps Ausschnitt hochgeladen, damit Ihr wisst wo es hin geht. <\/p>\n\n\n\n<p>Im Saland angekommen folgen ein paar weitere Fotos, ein Apero und danach das Nachtessen. <\/p>\n\n\n\n<p>Ab diesem Zeitpunkt haben wir das Zepter nicht mehr in der Hand. Aber dazu sp\u00e4ter. <\/p>\n\n\n\n<p>Wie ihr eventuell schon wisst, werden wir kein Apero abhalten. Daher werden wir um 21 Uhr unsere Party People begr\u00fcssen welche danach mit uns bis in die fr\u00fchen Morgen Stunden mitfeiern werden. <\/p>\n\n\n\n<figure class=\"wp-container-2 wp-block-gallery-1 wp-block-gallery columns-1 is-cropped\"><ul class=\"blocks-gallery-grid\"><li class=\"blocks-gallery-item\"><figure><img loading=\"lazy\" width=\"984\" height=\"793\" src=\"https:\/\/www.ilona-wird-adam.ch\/wp-content\/uploads\/2020\/02\/2020-02-01-01_19_33-Sch\u00f6ner-Feiern-Alph\u00fctte-Eventschopf-Google-Maps-Internet-Explorer-1.png\" alt=\"\" data-id=\"392\" data-full-url=\"https:\/\/www.ilona-wird-adam.ch\/wp-content\/uploads\/2020\/02\/2020-02-01-01_19_33-Sch\u00f6ner-Feiern-Alph\u00fctte-Eventschopf-Google-Maps-Internet-Explorer-1.png\" data-link=\"https:\/\/www.ilona-wird-adam.ch\/?attachment_id=392\" class=\"wp-image-392\" srcset=\"https:\/\/www.ilona-wird-adam.ch\/wp-content\/uploads\/2020\/02\/2020-02-01-01_19_33-Sch\u00f6ner-Feiern-Alph\u00fctte-Eventschopf-Google-Maps-Internet-Explorer-1.png 984w, https:\/\/www.ilona-wird-adam.ch\/wp-content\/uploads\/2020\/02\/2020-02-01-01_19_33-Sch\u00f6ner-Feiern-Alph\u00fctte-Eventschopf-Google-Maps-Internet-Explorer-1-300x242.png 300w, https:\/\/www.ilona-wird-adam.ch\/wp-content\/uploads\/2020\/02\/2020-02-01-01_19_33-Sch\u00f6ner-Feiern-Alph\u00fctte-Eventschopf-Google-Maps-Internet-Explorer-1-768x619.png 768w\" sizes=\"(max-width: 984px) 100vw, 984px\" \/><\/figure><\/li><\/ul><\/figure>\n\n\n\n<h4>Was d\u00fcrfen wir erwarten?<\/h4>\n\n\n\n<p>Wir erwarten unsere Familie und Freunde mit guter Laune und dem Anlass entsprechend gekleidet, dass hei\u00dft festlich \/ Elegant.  <\/p>\n\n\n\n<h4>Ihr m\u00f6chtet was vortragen oder sogar vorsingen?<\/h4>\n\n\n\n<p>Wie oben bereits erw\u00e4hnt geben wir das Zepter nach der Ankunft im Saland an unsere T\u00e4tschmeister ab. Daher w\u00e4ren wir euch mit sehr grossem Dank verbunden, wenn Ihr euch direkt an diese beiden Herren wendet. <\/p>\n\n\n\n<h4>Geschenke<\/h4>\n\n\n\n<p>Wir haben bereits alles f\u00fcr unseren Haushalt und sind auch sonst sehr zufrieden. Falls Ihr uns aber was schenken m\u00f6chtet w\u00e4ren wir \u00fcber einen Zustupf in unsere Flitterwochen-Kasse dankbar. Auf dem Areal wird sich ein Tisch f\u00fcr Geschenke, Briefe etc befinden.<\/p>\n\n\n\n<h4>Kinder&#8230;<\/h4>\n\n\n\n<p>&#8230; Eure Kinder sind am Tag sehr willkommen. Am Abend w\u00e4ren wir allerdings froh, wenn Ihr die Kinder bei euren Schwiegereltern, Gro\u00dfeltern oder Freunden abgeben k\u00f6nntet, damit wir mit euch ungeniert die Nacht zum Tag machen k\u00f6nnen \ud83d\ude09<\/p>\n\n\n\n<h4>Zu Guter Letzt&#8230;<\/h4>\n\n\n\n<p>&#8230; Falls Ihr eine \u00dcbernachtungsm\u00f6glichkeit braucht haben wir euch unter der Rubrik &#8222;\u00dcbernachtungsm\u00f6glichkeiten&#8220; einige Hotels aufgelistet welche Ihr bitte eigenst\u00e4ndig kontaktiert und auch bezahlt. <\/p>\n\n\n\n<p>Damit Wir genau wissen wer kommt und wer nicht w\u00e4ren wir dankbar wenn Ihr euch auf dieser Homepage anmelden k\u00f6nntet \ud83d\ude42<\/p>\n\n\n\n<p>Wir freuen uns bereits jetzt auf einen unvergesslichen Tag mit euch. <\/p>\n\n\n\n<p>Liebe Gr\u00fcsse aus Wald<\/p>\n\n\n\n<p>Ilona und Patrick <\/p>\n\n\n\n<p class=\"has-background has-vivid-red-background-color\">COVID-19 Info &#8211;&gt; Wir werden keine Maskenpflicht haben. Weder im Car noch sonst irgendwo. Jede Person soll selber entscheiden ob er oder sie eine Maske tragen m\u00f6chte oder nicht. Falls jemand eine Maske tragen m\u00f6chte besorgt diese bitte selber :-).  <\/p>\n","protected":false},"excerpt":{"rendered":"<p>Was erwartet mich Liebe Familie \/ Liebe Freunde Wir freuen uns sehr euch an unserem grossen Tag als G\u00e4ste dabei haben zu d\u00fcrfen. Bitte findet euch am 29.08.20, um 11:45 [&hellip;]<\/p>\n","protected":false},"author":1,"featured_media":0,"parent":0,"menu_order":0,"comment_status":"closed","ping_status":"closed","template":"","meta":[],"_links":{"self":[{"href":"https:\/\/www.ilona-wird-adam.ch\/index.php?rest_route=\/wp\/v2\/pages\/28"}],"collection":[{"href":"https:\/\/www.ilona-wird-adam.ch\/index.php?rest_route=\/wp\/v2\/pages"}],"about":[{"href":"https:\/\/www.ilona-wird-adam.ch\/index.php?rest_route=\/wp\/v2\/types\/page"}],"author":[{"embeddable":true,"href":"https:\/\/www.ilona-wird-adam.ch\/index.php?rest_route=\/wp\/v2\/users\/1"}],"replies":[{"embeddable":true,"href":"https:\/\/www.ilona-wird-adam.ch\/index.php?rest_route=%2Fwp%2Fv2%2Fcomments&post=28"}],"version-history":[{"count":13,"href":"https:\/\/www.ilona-wird-adam.ch\/index.php?rest_route=\/wp\/v2\/pages\/28\/revisions"}],"predecessor-version":[{"id":456,"href":"https:\/\/www.ilona-wird-adam.ch\/index.php?rest_route=\/wp\/v2\/pages\/28\/revisions\/456"}],"wp:attachment":[{"href":"https:\/\/www.ilona-wird-adam.ch\/index.php?rest_route=%2Fwp%2Fv2%2Fmedia&parent=28"}],"curies":[{"name":"wp","href":"https:\/\/api.w.org\/{rel}","templated":true}]}}