{"id":27,"date":"2020-01-24T14:45:56","date_gmt":"2020-01-24T14:45:56","guid":{"rendered":"https:\/\/www.ilona-wird-adam.ch\/?page_id=27"},"modified":"2020-08-12T16:10:01","modified_gmt":"2020-08-12T16:10:01","slug":"party-people","status":"publish","type":"page","link":"https:\/\/www.ilona-wird-adam.ch\/?page_id=27","title":{"rendered":"Party People"},"content":{"rendered":"\n<h4>Was erwartet mich?<\/h4>\n\n\n\n<p>Wir haben unsere Hochzeit leicht angepasst und werden daher kein Apero machen. Ihr seid dazu auserkoren worden mit uns auf unseren Tag anzusto\u00dfen und mit uns durch die Nacht zu feiern. <\/p>\n\n\n\n<p>Herzlich willkommen Ihr seid unsere Party People!!<\/p>\n\n\n\n<p>F\u00fcr das erwarten wir euch um 21 Uhr an der unten aufgef\u00fchrten Location. Wenn Ihr nicht mit dem Auto fahren m\u00f6chtet, steht f\u00fcr euch in Wetzikon beim G\u00fcterschuppen (P+R Wetzikon) um 20:30 ein Bus der Firma Kessler Carreisen bereit, welcher euch zu uns f\u00e4hrt.  <\/p>\n\n\n\n<p>Unter der Rubrik &#8222;\u00dcbernachtungsm\u00f6glichkeiten&#8220; haben wir euch Hotels in der Umgebung aufgelistet welche Ihr bitte eigenst\u00e4ndig kontaktiert und auch bezahlt falls Ihr eine \u00dcbernachtung ben\u00f6tigt. <\/p>\n\n\n\n<p>Das Programm und alle weitere Angaben erf\u00e4hrt Ihr dann vor Ort \ud83d\ude42<\/p>\n\n\n\n<p><img loading=\"lazy\" width=\"984\" height=\"793\" class=\"wp-image-392\" style=\"width: 500px;\" src=\"https:\/\/www.ilona-wird-adam.ch\/wp-content\/uploads\/2020\/02\/2020-02-01-01_19_33-Sch\u00f6ner-Feiern-Alph\u00fctte-Eventschopf-Google-Maps-Internet-Explorer-1.png\" alt=\"\" srcset=\"https:\/\/www.ilona-wird-adam.ch\/wp-content\/uploads\/2020\/02\/2020-02-01-01_19_33-Sch\u00f6ner-Feiern-Alph\u00fctte-Eventschopf-Google-Maps-Internet-Explorer-1.png 984w, https:\/\/www.ilona-wird-adam.ch\/wp-content\/uploads\/2020\/02\/2020-02-01-01_19_33-Sch\u00f6ner-Feiern-Alph\u00fctte-Eventschopf-Google-Maps-Internet-Explorer-1-300x242.png 300w, https:\/\/www.ilona-wird-adam.ch\/wp-content\/uploads\/2020\/02\/2020-02-01-01_19_33-Sch\u00f6ner-Feiern-Alph\u00fctte-Eventschopf-Google-Maps-Internet-Explorer-1-768x619.png 768w\" sizes=\"(max-width: 984px) 100vw, 984px\" \/><\/p>\n\n\n\n<h4>Was d\u00fcrfen wir erwarten<\/h4>\n\n\n\n<p>Wir m\u00f6chten einfach Spass mit unseren Freunden haben, welche dem Fest entsprechend angezogen sind, dass hei\u00dft bitte festlich. <\/p>\n\n\n\n<h4>Ihr wollt etwas vortragen oder sogar vorsingen?<\/h4>\n\n\n\n<p>Unsere T\u00e4tschmeister haben das Programm f\u00fcr den Abend in der Hand. Wir wissen nicht was alles auf uns zukommt. Daher bitten wir euch allf\u00e4llige Pr\u00e4sentationen \/ Vorf\u00fchrungen oder \u00e4hnliches bitte mit diesen zwei Herren abzusprechen (Unter der Rubrik &#8222;unsere T\u00e4tschmeister&#8220; findet Ihr die E-Mail Adressen)<\/p>\n\n\n\n<h4>Geschenke<\/h4>\n\n\n\n<p>Es wird in der Location ein Tisch f\u00fcr Geschenke zur Verf\u00fcgung stehen. Da wir aber bereits alles f\u00fcr unseren Haushalt haben w\u00e4ren wir um einen Zustupf in unsere Flitterwochen-Kasse dankbar.<\/p>\n\n\n\n<h4>Kinder&#8230;<\/h4>\n\n\n\n<p>&#8230; Wir w\u00e4ren euch dankbar wenn eure Kinder bei den Gro\u00dfeltern, Schwiegereltern, Freunden untergebracht werden k\u00f6nnten damit wir  mit euch ungeniert die Nacht zum Tage machen k\u00f6nnen \ud83d\ude09<\/p>\n\n\n\n<h4>Zu Guter Letzt&#8230;<\/h4>\n\n\n\n<p>&#8230; freuen wir uns bereits jetzt euch an diesem Abend begr\u00fcssen zu d\u00fcrfen. Damit wir auch wissen wer nun wirklich kommt, meldet euch doch auf dieser Homepage an. <\/p>\n\n\n\n<p>Bis bald und eine gute Zeit<\/p>\n\n\n\n<p>Liebe Gr\u00fcsse<\/p>\n\n\n\n<p>Ilona und Patrick<\/p>\n\n\n\n<p class=\"has-background has-vivid-red-background-color\"> COVID-19 Info &#8211;&gt; Wir werden keine Maskenpflicht haben. Weder im Car noch sonst irgendwo. Jede Person soll selber entscheiden ob er oder sie eine Maske tragen m\u00f6chte oder nicht. Falls jemand eine Maske tragen m\u00f6chte besorgt diese bitte selber :-).   <\/p>\n","protected":false},"excerpt":{"rendered":"<p>Was erwartet mich? Wir haben unsere Hochzeit leicht angepasst und werden daher kein Apero machen. Ihr seid dazu auserkoren worden mit uns auf unseren Tag anzusto\u00dfen und mit uns durch [&hellip;]<\/p>\n","protected":false},"author":1,"featured_media":0,"parent":0,"menu_order":1,"comment_status":"closed","ping_status":"closed","template":"","meta":[],"_links":{"self":[{"href":"https:\/\/www.ilona-wird-adam.ch\/index.php?rest_route=\/wp\/v2\/pages\/27"}],"collection":[{"href":"https:\/\/www.ilona-wird-adam.ch\/index.php?rest_route=\/wp\/v2\/pages"}],"about":[{"href":"https:\/\/www.ilona-wird-adam.ch\/index.php?rest_route=\/wp\/v2\/types\/page"}],"author":[{"embeddable":true,"href":"https:\/\/www.ilona-wird-adam.ch\/index.php?rest_route=\/wp\/v2\/users\/1"}],"replies":[{"embeddable":true,"href":"https:\/\/www.ilona-wird-adam.ch\/index.php?rest_route=%2Fwp%2Fv2%2Fcomments&post=27"}],"version-history":[{"count":17,"href":"https:\/\/www.ilona-wird-adam.ch\/index.php?rest_route=\/wp\/v2\/pages\/27\/revisions"}],"predecessor-version":[{"id":455,"href":"https:\/\/www.ilona-wird-adam.ch\/index.php?rest_route=\/wp\/v2\/pages\/27\/revisions\/455"}],"wp:attachment":[{"href":"https:\/\/www.ilona-wird-adam.ch\/index.php?rest_route=%2Fwp%2Fv2%2Fmedia&parent=27"}],"curies":[{"name":"wp","href":"https:\/\/api.w.org\/{rel}","templated":true}]}}