{"id":244,"date":"2020-01-26T19:23:45","date_gmt":"2020-01-26T19:23:45","guid":{"rendered":"https:\/\/www.ilona-wird-adam.ch\/?page_id=244"},"modified":"2020-01-26T19:23:45","modified_gmt":"2020-01-26T19:23:45","slug":"gaestebuch","status":"publish","type":"page","link":"https:\/\/www.ilona-wird-adam.ch\/?page_id=244","title":{"rendered":"G\u00e4stebuch"},"content":{"rendered":"<div class=\"gwolle-gb\"><div class=\"gwolle_gb_messages_top_container\"><\/div>\n\t\t\t<div class=\"gwolle-gb-write-button\">\n\t\t\t\t<input type=\"button\" name=\"gwolle-gb-write-button\" class=\"button btn btn-default \" value=\"Neuen Eintrag schreiben\" \/>\n\t\t\t<\/div>\n\t\t\t<form action=\"#\" method=\"POST\" class=\"gwolle-gb-write gwolle-gb-hide gwolle-gb-float gwolle_gb_form_ajax gwolle-gb-form-ajax gwolle-gb-ajax gwolle-gb-not-logged-in\">\n\t\t\t\t<h3>Einen neuen Eintrag f\u00fcr das G\u00e4stebuch schreiben<\/h3>\n\t\t\t\t<button type=\"button\" class=\"gb-notice-dismiss\">x<span class=\"screen-reader-text\">Dieses Formular ausblenden<\/span><\/button>\n\t\t\t\n\t\t\t\t<input type=\"hidden\" name=\"gwolle_gb_function\" class=\"gwolle_gb_function\" value=\"add_entry\" \/><input type=\"hidden\" name=\"gwolle_gb_book_id\" class=\"gwolle_gb_book_id\" value=\"1\" \/><div class=\"gwolle_gb_e9f52894ce292337babe4d4cc60dd65b\">\n\t\t\t\t<div class=\"label\"><label for=\"gwolle_gb_e9f52894ce292337babe4d4cc60dd65b-1\" class=\"text-info\">Name <span class=\"required\">*<\/span><\/label><\/div>\n\t\t\t\t<div class=\"input\"><input class=\"wp-exclude-emoji gwolle_gb_e9f52894ce292337babe4d4cc60dd65b\" value=\"\" type=\"text\" id=\"gwolle_gb_e9f52894ce292337babe4d4cc60dd65b-1\" name=\"gwolle_gb_e9f52894ce292337babe4d4cc60dd65b\" required \/><\/div>\n\t\t\t\t<div class=\"clearBoth\">&nbsp;<\/div>\n\t\t\t<\/div><div class=\"gwolle_gb_2799080c0a59f85a6fde763acb605944\">\n\t\t\t\t\t<div class=\"label\"><label for=\"gwolle_gb_2799080c0a59f85a6fde763acb605944-1\" class=\"text-info\">Ort<\/label><\/div>\n\t\t\t\t\t<div class=\"input\"><input class=\"wp-exclude-emoji gwolle_gb_2799080c0a59f85a6fde763acb605944\" value=\"\" type=\"text\" id=\"gwolle_gb_2799080c0a59f85a6fde763acb605944-1\" name=\"gwolle_gb_2799080c0a59f85a6fde763acb605944\" \/><\/div>\n\t\t\t\t\t<div class=\"clearBoth\">&nbsp;<\/div>\n\t\t\t\t<\/div><div class=\"gwolle_gb_a2493ea3839e4b1fc22f3ef70489ac6d\">\n\t\t\t\t<div class=\"label\"><label for=\"gwolle_gb_a2493ea3839e4b1fc22f3ef70489ac6d-1\" class=\"text-info\">E-Mail <span class=\"required\">*<\/span><\/label><\/div>\n\t\t\t\t<div class=\"input\"><input class=\"gwolle_gb_a2493ea3839e4b1fc22f3ef70489ac6d\" value=\"\" type=\"email\" id=\"gwolle_gb_a2493ea3839e4b1fc22f3ef70489ac6d-1\" name=\"gwolle_gb_a2493ea3839e4b1fc22f3ef70489ac6d\" required \/><\/div>\n\t\t\t\t<div class=\"clearBoth\">&nbsp;<\/div>\n\t\t\t<\/div><div class=\"gwolle_gb_c25aa2c5f6db34038b970fb7505cba4e\">\n\t\t\t\t<div class=\"label\"><label for=\"gwolle_gb_c25aa2c5f6db34038b970fb7505cba4e-1\" class=\"text-info\">Website<\/label><\/div>\n\t\t\t\t<div class=\"input\"><input class=\"gwolle_gb_c25aa2c5f6db34038b970fb7505cba4e\" value=\"\" type=\"url\" id=\"gwolle_gb_c25aa2c5f6db34038b970fb7505cba4e-1\" name=\"gwolle_gb_c25aa2c5f6db34038b970fb7505cba4e\" \/><\/div>\n\t\t\t\t<div class=\"clearBoth\">&nbsp;<\/div>\n\t\t\t<\/div>\n\t\t\t<div class=\"gwolle_gb_9fe801dd7d9f4daf574dbe4e0a6b7906\" style=\"display:none;overflow:hidden;\" hidden=\"true\" aria-hidden=\"true\">\n\t\t\t\t<div class=\"label\">\n\t\t\t\t\t<label for=\"gwolle_gb_9fe801dd7d9f4daf574dbe4e0a6b7906-1\" class=\"text-primary\">Hier nichts eingeben<\/label>\n\t\t\t\t\t<label for=\"gwolle_gb_e0120bf2695acbbe9908098de8c1186e-1\" class=\"text-primary\">Hier nichts eingeben<\/label>\n\t\t\t\t<\/div>\n\t\t\t\t<div class=\"input\">\n\t\t\t\t\t<input value=\"60\" type=\"text\" id=\"gwolle_gb_9fe801dd7d9f4daf574dbe4e0a6b7906-1\" name=\"gwolle_gb_9fe801dd7d9f4daf574dbe4e0a6b7906\" class=\"gwolle_gb_9fe801dd7d9f4daf574dbe4e0a6b7906\" style=\"transform: translateY(10000px);\" \/>\n\t\t\t\t\t<input value=\"\" type=\"text\" name=\"gwolle_gb_e0120bf2695acbbe9908098de8c1186e\" id=\"gwolle_gb_e0120bf2695acbbe9908098de8c1186e-1\" class=\"gwolle_gb_e0120bf2695acbbe9908098de8c1186e\" style=\"transform: translateY(10000px);\" \/>\n\t\t\t\t<\/div>\n\t\t\t\t<div class=\"clearBoth\"><\/div>\n\t\t\t<\/div>\n\t\t\t<div class=\"gwolle_gb_4c60504b3e64ad9e46ef1a08ac502e34\" style=\"display:none;overflow:hidden;\" hidden=\"true\" aria-hidden=\"true\">\n\t\t\t\t<div class=\"label\">\n\t\t\t\t\t<label for=\"gwolle_gb_4c60504b3e64ad9e46ef1a08ac502e34-1\" class=\"text-primary\">Hier nichts eingeben<\/label>\n\t\t\t\t\t<label for=\"gwolle_gb_3ecbe974f8ca462ac29e39add1506b2e-1\" class=\"text-primary\">Hier nichts eingeben<\/label>\n\t\t\t\t<\/div>\n\t\t\t\t<div class=\"input\">\n\t\t\t\t\t<input value=\"34174\" type=\"text\" id=\"gwolle_gb_4c60504b3e64ad9e46ef1a08ac502e34-1\" name=\"gwolle_gb_4c60504b3e64ad9e46ef1a08ac502e34\" class=\"gwolle_gb_4c60504b3e64ad9e46ef1a08ac502e34\" style=\"transform: translateY(10000px);\" \/>\n\t\t\t\t\t<input value=\"34174\" type=\"text\"id=\"gwolle_gb_3ecbe974f8ca462ac29e39add1506b2e-1\" name=\"gwolle_gb_3ecbe974f8ca462ac29e39add1506b2e\" class=\"gwolle_gb_3ecbe974f8ca462ac29e39add1506b2e\" style=\"transform: translateY(10000px);\" \/>\n\t\t\t\t<\/div>\n\t\t\t\t<div class=\"clearBoth\"><\/div>\n\t\t\t<\/div><div class=\"gwolle_gb_content\">\n\t\t\t\t<div class=\"label\"><label for=\"gwolle_gb_content-1\" class=\"text-info\">G\u00e4stebucheintrag <span class=\"required\">*<\/span><\/label><\/div>\n\t\t\t\t<div class=\"input\"><textarea id=\"gwolle_gb_content-1\" name=\"gwolle_gb_content\" class=\"gwolle_gb_content wp-exclude-emoji\" required ><\/textarea><\/div>\n\t\t\t\t\t<div class=\"clearBoth\">&nbsp;<\/div>\n\t\t\t\t<\/div><input type=\"hidden\" class=\"gwolle_gb_383d62af432630b41ccde8efcf2f0955\" id=\"gwolle_gb_383d62af432630b41ccde8efcf2f0955-1\" name=\"gwolle_gb_383d62af432630b41ccde8efcf2f0955\" value=\"0c829fcade\" \/>\n\t\t\t<div class=\"gwolle_gb_messages_bottom_container\"><\/div>\n\n\t\t\t<noscript><div class=\"no-js\">Warnung: Dieses Formular kann nur verwendet werden, wenn in deinem Browser JavaScript aktiviert ist.<\/div><\/noscript>\n\n\t\t\t<div class=\"gwolle_gb_submit\">\n\t\t\t\t<div class=\"label gwolle-gb-invisible text-muted\">&nbsp;<\/div>\n\t\t\t\t<div class=\"input\">\n\t\t\t\t\t<input type=\"submit\" name=\"gwolle_gb_submit\" class=\"gwolle_gb_submit button btn btn-primary \" value=\"Absenden\" \/>\n\t\t\t\t\t<span class=\"gwolle_gb_submit_ajax_icon\"><\/span>\n\t\t\t\n\t\t\t\t<\/div>\n\t\t\t\t<div class=\"clearBoth\">&nbsp;<\/div>\n\t\t\t<\/div>\n\n\t\t\t<div class=\"gwolle_gb_notice\">\n\t\t\t\t<br \/>\nMit * gekennzeichnete Felder sind erforderlich.<br \/>\nDeine E-Mail-Adresse wird nicht ver\u00f6ffentlicht.<br \/>\nEs ist m\u00f6glich, dass dein Eintrag im G\u00e4stebuch erst sichtbar ist, nachdem wir ihn \u00fcberpr\u00fcft haben.<br \/>\nWir behalten uns vor, Eintr\u00e4ge zu bearbeiten, zu l\u00f6schen oder nicht zu ver\u00f6ffentlichen.<br \/>\n\n\t\t\t<\/div><\/form><div class=\"gwolle-gb-read gwolle-gb-ajax gwolle-gb-entries-list\" data-book_id=\"1\" data-page_id=\"1\">\n\t\t<div id=\"gwolle-gb-total\" class=\"gwolle-gb-total\">4 Eintr\u00e4ge<\/div><!-- Gwolle-GB Entry: Default Template Loaded -->\n\t\t\t\t<div class=\"gb-entry gb-entry_5 gb-entry-count_1 gwolle_gb_uneven gwolle-gb-uneven gwolle-gb-first\" id=\"gb-entry_5\" data-entry_id=\"5\">\n\t\t\t\t<article>\n\t\t\t\t\t<div class=\"gb-author-info\">\n\t\t\t\t\t\t<span class=\"gb-author-avatar\"><img referrerpolicy=\"no-referrer\" alt='Gotti und Fr\u00e4se' src='https:\/\/secure.gravatar.com\/avatar\/161a8a586e89f303c3653f9bd7a4e439?s=32&#038;d=mm&#038;r=g' srcset='https:\/\/secure.gravatar.com\/avatar\/161a8a586e89f303c3653f9bd7a4e439?s=64&#038;d=mm&#038;r=g 2x' class='avatar avatar-32 photo' height='32' width='32' loading='lazy'\/><\/span>\n\t\t\t\t\t\t<span class=\"gb-author-name\">Gotti und Fr\u00e4se\n\t\t\t\t\t\t<\/span>\n\t\t\t\t\t\t<span class=\"gb-author-origin\">\n\t\t\t\t\t\t\t<span class=\"gb-author-origin-from-text\"> aus<\/span>\n\t\t\t\t\t\t\t<span class=\"gb-author-origin-text\"> Wilen<\/span>\n\t\t\t\t\t\t<\/span>\n\t\t\t\t\t\t<span class=\"gb-datetime\">\n\t\t\t\t\t\t\t<span class=\"gb-date\"><span class=\"gb-date-wrote-text\"> schrieb am<\/span><span class=\"gb-date-text\"> M\u00e4rz 2, 2020<\/span>\n\t\t\t\t\t\t\t<\/span><span class=\"gb-time\">\n\t\t\t\t\t\t\t\t\t<span class=\"gb-time-at-text\"> um<\/span>\n\t\t\t\t\t\t\t\t\t<span class=\"gb-time-text\"> 1:14 p.m.<\/span>\n\t\t\t\t\t\t\t\t<\/span>\n\t\t\t\t\t\t<\/span> \n\t\t\t\t\t<\/div>\n\t\t\t\t\t<div class=\"gb-entry-content\">Mir freuet Eus riesig f\u00fcr und uf Eu 2 x x x x x x x\n\t\t\t\t\t<\/div>\n\t\t\t\t<\/article>\n\t\t\t<\/div>\n\t\t\t<div class=\"gb-entry gb-entry_4 gb-entry-count_2 gwolle_gb_even gwolle-gb-even\" id=\"gb-entry_4\" data-entry_id=\"4\">\n\t\t\t\t<article>\n\t\t\t\t\t<div class=\"gb-author-info\">\n\t\t\t\t\t\t<span class=\"gb-author-avatar\"><img referrerpolicy=\"no-referrer\" alt='Marlies' src='https:\/\/secure.gravatar.com\/avatar\/1d36d5c10f148255979ef5126d8ed0c2?s=32&#038;d=mm&#038;r=g' srcset='https:\/\/secure.gravatar.com\/avatar\/1d36d5c10f148255979ef5126d8ed0c2?s=64&#038;d=mm&#038;r=g 2x' class='avatar avatar-32 photo' height='32' width='32' loading='lazy'\/><\/span>\n\t\t\t\t\t\t<span class=\"gb-author-name\">Marlies\n\t\t\t\t\t\t<\/span>\n\t\t\t\t\t\t<span class=\"gb-author-origin\">\n\t\t\t\t\t\t\t<span class=\"gb-author-origin-from-text\"> aus<\/span>\n\t\t\t\t\t\t\t<span class=\"gb-author-origin-text\"> Stuben am Arlberg<\/span>\n\t\t\t\t\t\t<\/span>\n\t\t\t\t\t\t<span class=\"gb-datetime\">\n\t\t\t\t\t\t\t<span class=\"gb-date\"><span class=\"gb-date-wrote-text\"> schrieb am<\/span><span class=\"gb-date-text\"> M\u00e4rz 1, 2020<\/span>\n\t\t\t\t\t\t\t<\/span><span class=\"gb-time\">\n\t\t\t\t\t\t\t\t\t<span class=\"gb-time-at-text\"> um<\/span>\n\t\t\t\t\t\t\t\t\t<span class=\"gb-time-text\"> 7:08 p.m.<\/span>\n\t\t\t\t\t\t\t\t<\/span>\n\t\t\t\t\t\t<\/span> \n\t\t\t\t\t<\/div>\n\t\t\t\t\t<div class=\"gb-entry-content\">Im Moment noch im verschneiten Stuben, freuen uns riesig auf eurer Fest\n\t\t\t\t\t<\/div>\n\t\t\t\t<\/article>\n\t\t\t<\/div>\n\t\t\t<div class=\"gb-entry gb-entry_3 gb-entry-count_3 gwolle_gb_uneven gwolle-gb-uneven\" id=\"gb-entry_3\" data-entry_id=\"3\">\n\t\t\t\t<article>\n\t\t\t\t\t<div class=\"gb-author-info\">\n\t\t\t\t\t\t<span class=\"gb-author-avatar\"><img referrerpolicy=\"no-referrer\" alt='Niko' src='https:\/\/secure.gravatar.com\/avatar\/af1663b322257c1e7b2207f588eb5aee?s=32&#038;d=mm&#038;r=g' srcset='https:\/\/secure.gravatar.com\/avatar\/af1663b322257c1e7b2207f588eb5aee?s=64&#038;d=mm&#038;r=g 2x' class='avatar avatar-32 photo' height='32' width='32' loading='lazy'\/><\/span>\n\t\t\t\t\t\t<span class=\"gb-author-name\">Niko\n\t\t\t\t\t\t<\/span>\n\t\t\t\t\t\t<span class=\"gb-author-origin\">\n\t\t\t\t\t\t\t<span class=\"gb-author-origin-from-text\"> aus<\/span>\n\t\t\t\t\t\t\t<span class=\"gb-author-origin-text\"> Uster<\/span>\n\t\t\t\t\t\t<\/span>\n\t\t\t\t\t\t<span class=\"gb-datetime\">\n\t\t\t\t\t\t\t<span class=\"gb-date\"><span class=\"gb-date-wrote-text\"> schrieb am<\/span><span class=\"gb-date-text\"> Februar 29, 2020<\/span>\n\t\t\t\t\t\t\t<\/span><span class=\"gb-time\">\n\t\t\t\t\t\t\t\t\t<span class=\"gb-time-at-text\"> um<\/span>\n\t\t\t\t\t\t\t\t\t<span class=\"gb-time-text\"> 12:03 a.m.<\/span>\n\t\t\t\t\t\t\t\t<\/span>\n\t\t\t\t\t\t<\/span> \n\t\t\t\t\t<\/div>\n\t\t\t\t\t<div class=\"gb-entry-content\">La le lu... und der ganze Mond schaut zu. Mir freued ois uf euri Hochziit \ud83d\ude09\n\t\t\t\t\t<\/div>\n\t\t\t\t<\/article>\n\t\t\t<\/div>\n\t\t\t<div class=\"gb-entry gb-entry_1 gb-entry-count_4 gwolle_gb_even gwolle-gb-even\" id=\"gb-entry_1\" data-entry_id=\"1\">\n\t\t\t\t<article>\n\t\t\t\t\t<div class=\"gb-author-info\">\n\t\t\t\t\t\t<span class=\"gb-author-avatar\"><img referrerpolicy=\"no-referrer\" alt='Erster' src='https:\/\/secure.gravatar.com\/avatar\/7ff85428bccc76ad40fa2e14be5030e7?s=32&#038;d=mm&#038;r=g' srcset='https:\/\/secure.gravatar.com\/avatar\/7ff85428bccc76ad40fa2e14be5030e7?s=64&#038;d=mm&#038;r=g 2x' class='avatar avatar-32 photo' height='32' width='32' loading='lazy'\/><\/span>\n\t\t\t\t\t\t<span class=\"gb-author-name\">Erster\n\t\t\t\t\t\t<\/span>\n\t\t\t\t\t\t<span class=\"gb-author-origin\">\n\t\t\t\t\t\t\t<span class=\"gb-author-origin-from-text\"> aus<\/span>\n\t\t\t\t\t\t\t<span class=\"gb-author-origin-text\"> Wetzikon ZH<\/span>\n\t\t\t\t\t\t<\/span>\n\t\t\t\t\t\t<span class=\"gb-datetime\">\n\t\t\t\t\t\t\t<span class=\"gb-date\"><span class=\"gb-date-wrote-text\"> schrieb am<\/span><span class=\"gb-date-text\"> Februar 2, 2020<\/span>\n\t\t\t\t\t\t\t<\/span><span class=\"gb-time\">\n\t\t\t\t\t\t\t\t\t<span class=\"gb-time-at-text\"> um<\/span>\n\t\t\t\t\t\t\t\t\t<span class=\"gb-time-text\"> 12:05 p.m.<\/span>\n\t\t\t\t\t\t\t\t<\/span>\n\t\t\t\t\t\t<\/span> \n\t\t\t\t\t<\/div>\n\t\t\t\t\t<div class=\"gb-entry-content\">juhui\n\t\t\t\t\t<\/div>\n\t\t\t\t<\/article>\n\t\t\t<\/div>\n\t\t\t<\/div><\/div>\n","protected":false},"excerpt":{"rendered":"","protected":false},"author":1,"featured_media":0,"parent":0,"menu_order":0,"comment_status":"closed","ping_status":"closed","template":"","meta":[],"_links":{"self":[{"href":"https:\/\/www.ilona-wird-adam.ch\/index.php?rest_route=\/wp\/v2\/pages\/244"}],"collection":[{"href":"https:\/\/www.ilona-wird-adam.ch\/index.php?rest_route=\/wp\/v2\/pages"}],"about":[{"href":"https:\/\/www.ilona-wird-adam.ch\/index.php?rest_route=\/wp\/v2\/types\/page"}],"author":[{"embeddable":true,"href":"https:\/\/www.ilona-wird-adam.ch\/index.php?rest_route=\/wp\/v2\/users\/1"}],"replies":[{"embeddable":true,"href":"https:\/\/www.ilona-wird-adam.ch\/index.php?rest_route=%2Fwp%2Fv2%2Fcomments&post=244"}],"version-history":[{"count":1,"href":"https:\/\/www.ilona-wird-adam.ch\/index.php?rest_route=\/wp\/v2\/pages\/244\/revisions"}],"predecessor-version":[{"id":245,"href":"https:\/\/www.ilona-wird-adam.ch\/index.php?rest_route=\/wp\/v2\/pages\/244\/revisions\/245"}],"wp:attachment":[{"href":"https:\/\/www.ilona-wird-adam.ch\/index.php?rest_route=%2Fwp%2Fv2%2Fmedia&parent=244"}],"curies":[{"name":"wp","href":"https:\/\/api.w.org\/{rel}","templated":true}]}}