{"id":121,"date":"2020-01-24T15:53:35","date_gmt":"2020-01-24T15:53:35","guid":{"rendered":"https:\/\/www.ilona-wird-adam.ch\/?page_id=121"},"modified":"2020-02-01T15:33:51","modified_gmt":"2020-02-01T15:33:51","slug":"taetschmeister","status":"publish","type":"page","link":"https:\/\/www.ilona-wird-adam.ch\/?page_id=121","title":{"rendered":"Unsere T\u00e4tschmeister"},"content":{"rendered":"\n<div class=\"wp-container-3 wp-block-columns\">\n<div class=\"wp-container-1 wp-block-column\">\n<figure class=\"wp-block-image size-large is-resized is-style-circle-mask\"><img loading=\"lazy\" src=\"https:\/\/www.ilona-wird-adam.ch\/wp-content\/uploads\/2020\/01\/steve-1-768x1024.jpeg\" alt=\"\" class=\"wp-image-335\" width=\"240\" height=\"319\" srcset=\"https:\/\/www.ilona-wird-adam.ch\/wp-content\/uploads\/2020\/01\/steve-1-768x1024.jpeg 768w, https:\/\/www.ilona-wird-adam.ch\/wp-content\/uploads\/2020\/01\/steve-1-225x300.jpeg 225w, https:\/\/www.ilona-wird-adam.ch\/wp-content\/uploads\/2020\/01\/steve-1-1152x1536.jpeg 1152w, https:\/\/www.ilona-wird-adam.ch\/wp-content\/uploads\/2020\/01\/steve-1.jpeg 1536w\" sizes=\"(max-width: 240px) 100vw, 240px\" \/><\/figure>\n\n\n\n<p>Steve Graf ist unser T\u00e4tschmeister aus dem Z\u00fcrioberland und ein sehr guter Freund von Ilona. <\/p>\n\n\n\n<p>Das erste Mal haben Sie sich kurz nach der Geburt kennengelernt, danach aber mehr als zwei Jahrzehnte nichts mehr geh\u00f6rt. <\/p>\n\n\n\n<p>An der Geburtstagsparty von Nadja (Steves Schwester)  haben sie sich wieder getroffen, dies aber ohne zu wissen, dass es nicht das erste Mal war. <\/p>\n\n\n\n<p>Seit diesem Tag gehen sie durch dick und d\u00fcnn. <\/p>\n<\/div>\n\n\n\n<div class=\"wp-container-2 wp-block-column\">\n<figure class=\"wp-block-image size-large is-resized is-style-circle-mask\"><img loading=\"lazy\" src=\"https:\/\/www.ilona-wird-adam.ch\/wp-content\/uploads\/2020\/01\/Kopie-2-576x1024.jpeg\" alt=\"\" class=\"wp-image-343\" width=\"255\" height=\"452\" srcset=\"https:\/\/www.ilona-wird-adam.ch\/wp-content\/uploads\/2020\/01\/Kopie-2-576x1024.jpeg 576w, https:\/\/www.ilona-wird-adam.ch\/wp-content\/uploads\/2020\/01\/Kopie-2-169x300.jpeg 169w, https:\/\/www.ilona-wird-adam.ch\/wp-content\/uploads\/2020\/01\/Kopie-2.jpeg 658w\" sizes=\"(max-width: 255px) 100vw, 255px\" \/><\/figure>\n\n\n\n<p>Kusi Bl\u00e4ttler ist unser T\u00e4tschmeister aus der Innerschweiz, ein guter Freund von Patrick sowie der Bruder von Andy. <\/p>\n\n\n\n<p>Kusi hat sich, im warsten Sinne des Wortes,  in das Herz von Patrick gebrannt. <\/p>\n\n\n\n<p>An einem Abend haben wir dar\u00fcber gesprochen wer w\u00fcrde Steve hervorragend erg\u00e4nzen und das T\u00e4tscheister-Team optimal komplementieren. <\/p>\n\n\n\n<p>Der Entscheid viel uns dann sehr leicht.<\/p>\n<\/div>\n<\/div>\n\n\n\n<p>Falls Ihr irgendwelche Darbietungen, Reden oder Sonstiges machen wollt, diese beiden Jungs sind f\u00fcr euch da.  <\/p>\n\n\n\n<div class=\"wp-container-4 wp-block-group\"><div class=\"wp-block-group__inner-container\">\n<p><strong>Kusi Bl\u00e4ttler: <em>markusblaettler[at]hotmail.com<\/em><\/strong><\/p>\n\n\n\n<p><strong>Steve Graf: <em>steve.graf1[at]gmail.com <\/em><\/strong><\/p>\n<\/div><\/div>\n","protected":false},"excerpt":{"rendered":"<p>Steve Graf ist unser T\u00e4tschmeister aus dem Z\u00fcrioberland und ein sehr guter Freund von Ilona. Das erste Mal haben Sie sich kurz nach der Geburt kennengelernt, danach aber mehr als [&hellip;]<\/p>\n","protected":false},"author":1,"featured_media":0,"parent":0,"menu_order":0,"comment_status":"closed","ping_status":"closed","template":"","meta":[],"_links":{"self":[{"href":"https:\/\/www.ilona-wird-adam.ch\/index.php?rest_route=\/wp\/v2\/pages\/121"}],"collection":[{"href":"https:\/\/www.ilona-wird-adam.ch\/index.php?rest_route=\/wp\/v2\/pages"}],"about":[{"href":"https:\/\/www.ilona-wird-adam.ch\/index.php?rest_route=\/wp\/v2\/types\/page"}],"author":[{"embeddable":true,"href":"https:\/\/www.ilona-wird-adam.ch\/index.php?rest_route=\/wp\/v2\/users\/1"}],"replies":[{"embeddable":true,"href":"https:\/\/www.ilona-wird-adam.ch\/index.php?rest_route=%2Fwp%2Fv2%2Fcomments&post=121"}],"version-history":[{"count":12,"href":"https:\/\/www.ilona-wird-adam.ch\/index.php?rest_route=\/wp\/v2\/pages\/121\/revisions"}],"predecessor-version":[{"id":396,"href":"https:\/\/www.ilona-wird-adam.ch\/index.php?rest_route=\/wp\/v2\/pages\/121\/revisions\/396"}],"wp:attachment":[{"href":"https:\/\/www.ilona-wird-adam.ch\/index.php?rest_route=%2Fwp%2Fv2%2Fmedia&parent=121"}],"curies":[{"name":"wp","href":"https:\/\/api.w.org\/{rel}","templated":true}]}}